{"id":1725,"date":"2025-05-06T15:49:18","date_gmt":"2025-05-06T13:49:18","guid":{"rendered":"https:\/\/codelillo.com\/?post_type=product&#038;p=1725"},"modified":"2025-05-06T15:59:28","modified_gmt":"2025-05-06T13:59:28","slug":"ebook-vive-simple","status":"publish","type":"product","link":"https:\/\/codelillo.com\/index.php\/product\/ebook-vive-simple\/","title":{"rendered":"Ebook &#8211; VIVE SIMPLE"},"content":{"rendered":"<p class=\"\" data-start=\"1550\" data-end=\"1572\"><strong data-start=\"1550\" data-end=\"1572\">Ideal para vos si:<\/strong><\/p>\n<ul data-start=\"1573\" data-end=\"1742\">\n<li class=\"\" data-start=\"1573\" data-end=\"1620\">\n<p class=\"\" data-start=\"1575\" data-end=\"1620\">Sent\u00eds que viv\u00eds corriendo pero no avanz\u00e1s.<\/p>\n<\/li>\n<li class=\"\" data-start=\"1621\" data-end=\"1676\">\n<p class=\"\" data-start=\"1623\" data-end=\"1676\">Quer\u00e9s empezar a cuidarte, pero no sab\u00e9s por d\u00f3nde.<\/p>\n<\/li>\n<li class=\"\" data-start=\"1677\" data-end=\"1742\">\n<p class=\"\" data-start=\"1679\" data-end=\"1742\">Est\u00e1s cansado del humo y quer\u00e9s contenido sincero, real y \u00fatil.<\/p>\n<\/li>\n<\/ul>\n","protected":false},"excerpt":{"rendered":"<p>Es un manual realista, honesto y aplicable que resume lo mejor de mi experiencia en salud, finanzas y bienestar emocional.<br data-start=\"1155\" data-end=\"1158\" \/>No vas a encontrar frases vac\u00edas ni recetas imposibles.<br data-start=\"1213\" data-end=\"1216\" \/>Vas a encontrar herramientas que pod\u00e9s usar hoy, sin importar en qu\u00e9 etapa est\u00e9s.<\/p>\n<p class=\"\" data-start=\"1550\" data-end=\"1572\"><strong data-start=\"1550\" data-end=\"1572\">Ideal para vos si:<\/strong><\/p>\n<ul data-start=\"1573\" data-end=\"1742\">\n<li class=\"\" data-start=\"1573\" data-end=\"1620\">\n<p class=\"\" data-start=\"1575\" data-end=\"1620\">Sent\u00eds que viv\u00eds corriendo pero no avanz\u00e1s.<\/p>\n<\/li>\n<li class=\"\" data-start=\"1621\" data-end=\"1676\">\n<p class=\"\" data-start=\"1623\" data-end=\"1676\">Quer\u00e9s empezar a cuidarte, pero no sab\u00e9s por d\u00f3nde.<\/p>\n<\/li>\n<li class=\"\" data-start=\"1677\" data-end=\"1742\">\n<p class=\"\" data-start=\"1679\" data-end=\"1742\">Est\u00e1s cansado del humo y quer\u00e9s contenido sincero, real y \u00fatil.<\/p>\n<\/li>\n<\/ul>\n","protected":false},"featured_media":1732,"comment_status":"open","ping_status":"closed","template":"","meta":[],"product_brand":[],"product_cat":[28],"product_tag":[],"class_list":{"0":"post-1725","1":"product","2":"type-product","3":"status-publish","4":"has-post-thumbnail","6":"product_cat-ebook","8":"first","9":"instock","10":"downloadable","11":"virtual","12":"purchasable","13":"product-type-simple"},"_links":{"self":[{"href":"https:\/\/codelillo.com\/index.php\/wp-json\/wp\/v2\/product\/1725","targetHints":{"allow":["GET"]}}],"collection":[{"href":"https:\/\/codelillo.com\/index.php\/wp-json\/wp\/v2\/product"}],"about":[{"href":"https:\/\/codelillo.com\/index.php\/wp-json\/wp\/v2\/types\/product"}],"replies":[{"embeddable":true,"href":"https:\/\/codelillo.com\/index.php\/wp-json\/wp\/v2\/comments?post=1725"}],"wp:featuredmedia":[{"embeddable":true,"href":"https:\/\/codelillo.com\/index.php\/wp-json\/wp\/v2\/media\/1732"}],"wp:attachment":[{"href":"https:\/\/codelillo.com\/index.php\/wp-json\/wp\/v2\/media?parent=1725"}],"wp:term":[{"taxonomy":"product_brand","embeddable":true,"href":"https:\/\/codelillo.com\/index.php\/wp-json\/wp\/v2\/product_brand?post=1725"},{"taxonomy":"product_cat","embeddable":true,"href":"https:\/\/codelillo.com\/index.php\/wp-json\/wp\/v2\/product_cat?post=1725"},{"taxonomy":"product_tag","embeddable":true,"href":"https:\/\/codelillo.com\/index.php\/wp-json\/wp\/v2\/product_tag?post=1725"}],"curies":[{"name":"wp","href":"https:\/\/api.w.org\/{rel}","templated":true}]}}