{"id":909,"date":"2025-04-15T13:08:47","date_gmt":"2025-04-15T11:08:47","guid":{"rendered":"https:\/\/codelillo.com\/?page_id=909"},"modified":"2025-05-03T15:24:19","modified_gmt":"2025-05-03T13:24:19","slug":"bienestar-mental","status":"publish","type":"page","link":"https:\/\/codelillo.com\/index.php\/bienestar-mental\/","title":{"rendered":"Mente clara"},"content":{"rendered":"\t\t<div data-elementor-type=\"wp-page\" data-elementor-id=\"909\" class=\"elementor elementor-909\">\n\t\t\t\t\t\t<section class=\"elementor-section elementor-top-section elementor-element elementor-element-c054382 elementor-section-height-min-height elementor-section-items-bottom elementor-section-boxed elementor-section-height-default\" data-id=\"c054382\" data-element_type=\"section\" data-e-type=\"section\" data-settings=\"{&quot;background_background&quot;:&quot;classic&quot;}\">\n\t\t\t\t\t\t\t<div class=\"elementor-background-overlay\"><\/div>\n\t\t\t\t\t\t\t<div class=\"elementor-container elementor-column-gap-default\">\n\t\t\t\t\t<div class=\"aux-parallax-section elementor-column elementor-col-100 elementor-top-column elementor-element elementor-element-1b2a0ef4\" data-id=\"1b2a0ef4\" data-element_type=\"column\" data-e-type=\"column\">\n\t\t\t<div class=\"elementor-widget-wrap elementor-element-populated\">\n\t\t\t\t\t\t<div class=\"elementor-element elementor-element-27110804 elementor-widget elementor-widget-text-editor\" data-id=\"27110804\" data-element_type=\"widget\" data-e-type=\"widget\" data-widget_type=\"text-editor.default\">\n\t\t\t\t<div class=\"elementor-widget-container\">\n\t\t\t\t\t\t\t\t\t<h2 class=\"wp-block-heading\"><strong>Tu mente tambi\u00e9n necesita descanso<\/strong><\/h2>\n<p><!-- \/wp:heading --><!-- wp:paragraph --><\/p>\n<p><!-- \/wp:paragraph --><!-- wp:paragraph {\"className\":\"\"} --><\/p>\n<p>\u00a0<\/p>\n<p><!-- \/wp:paragraph --><!-- wp:paragraph --><\/p>\n<p><!-- \/wp:paragraph --><!-- wp:paragraph --><\/p>\n<p>\u00a0<\/p>\n<p><!-- \/wp:paragraph --><!-- wp:paragraph --><\/p>\n<p><!-- \/wp:paragraph --><!-- wp:paragraph --><\/p>\n<p><!-- \/wp:paragraph --><\/p>\t\t\t\t\t\t\t\t<\/div>\n\t\t\t\t<\/div>\n\t\t\t\t\t<\/div>\n\t\t<\/div>\n\t\t\t\t\t<\/div>\n\t\t<\/section>\n\t\t\t\t<section class=\"elementor-section elementor-top-section elementor-element elementor-element-0834eda elementor-section-boxed elementor-section-height-default elementor-section-height-default\" data-id=\"0834eda\" data-element_type=\"section\" data-e-type=\"section\">\n\t\t\t\t\t\t<div class=\"elementor-container elementor-column-gap-default\">\n\t\t\t\t\t<div class=\"aux-parallax-section elementor-column elementor-col-50 elementor-top-column elementor-element elementor-element-af20777\" data-id=\"af20777\" data-element_type=\"column\" data-e-type=\"column\">\n\t\t\t<div class=\"elementor-widget-wrap elementor-element-populated\">\n\t\t\t\t\t\t<div class=\"elementor-element elementor-element-d230cdb elementor-widget elementor-widget-text-editor\" data-id=\"d230cdb\" data-element_type=\"widget\" data-e-type=\"widget\" data-widget_type=\"text-editor.default\">\n\t\t\t\t<div class=\"elementor-widget-container\">\n\t\t\t\t\t\t\t\t\t<p>Vivimos en modo autom\u00e1tico. Nos levantamos, corremos, producimos, dormimos mal&#8230; y repetimos.<\/p>\n<p><br \/>Y cuando la mente pide frenar, pensamos que algo anda mal.<\/p>\n<p>\u00a0<\/p>\n<p>No est\u00e1s roto. No est\u00e1s d\u00e9bil. Est\u00e1s\u00a0<span style=\"font-weight: 600;\">sobreestimulado<\/span>.<\/p>\n<p>\u00a0<\/p>\n<p>Cuidar tu bienestar mental no tiene que ver con frases motivadoras ni teor\u00edas vac\u00edas. Tiene que ver con aprender a\u00a0<span style=\"font-weight: 600;\">crear espacios de claridad<\/span>\u00a0en medio del caos.<\/p>\n<p>\u00a0<\/p>\n<p>Un minuto de respiraci\u00f3n. Cinco de escritura. Una caminata sin celular.<br \/>No es magia. Es pr\u00e1ctica, presencia y peque\u00f1as decisiones diarias.<\/p>\n<p>\u00a0<\/p>\n<p>No se trata de pensar menos, sino de pensar\u00a0<span style=\"font-weight: 600;\">mejor<\/span>.<\/p>\n<p>\u00a0<\/p>\n<p>\ud83d\udc49 <em>Registrate gratis y acced\u00e9 a una rutina simple para empezar a cuidar tu cabeza cada d\u00eda.<\/em><\/p>\t\t\t\t\t\t\t\t<\/div>\n\t\t\t\t<\/div>\n\t\t\t\t<div class=\"elementor-element elementor-element-a0fb973 elementor-align-center elementor-widget elementor-widget-button\" data-id=\"a0fb973\" data-element_type=\"widget\" data-e-type=\"widget\" data-widget_type=\"button.default\">\n\t\t\t\t<div class=\"elementor-widget-container\">\n\t\t\t\t\t\t\t\t\t<div class=\"elementor-button-wrapper\">\n\t\t\t\t\t<a class=\"elementor-button elementor-button-link elementor-size-sm\" href=\"#\">\n\t\t\t\t\t\t<span class=\"elementor-button-content-wrapper\">\n\t\t\t\t\t\t\t\t\t<span class=\"elementor-button-text\">Registrate<\/span>\n\t\t\t\t\t<\/span>\n\t\t\t\t\t<\/a>\n\t\t\t\t<\/div>\n\t\t\t\t\t\t\t\t<\/div>\n\t\t\t\t<\/div>\n\t\t\t\t\t<\/div>\n\t\t<\/div>\n\t\t\t\t<div class=\"aux-parallax-section elementor-column elementor-col-50 elementor-top-column elementor-element elementor-element-d075cb6\" data-id=\"d075cb6\" data-element_type=\"column\" data-e-type=\"column\">\n\t\t\t<div class=\"elementor-widget-wrap elementor-element-populated\">\n\t\t\t\t\t\t<div class=\"elementor-element elementor-element-27439d7 elementor-widget elementor-widget-image\" data-id=\"27439d7\" data-element_type=\"widget\" data-e-type=\"widget\" data-widget_type=\"image.default\">\n\t\t\t\t<div class=\"elementor-widget-container\">\n\t\t\t\t\t\t\t\t\t\t\t\t\t\t\t<img fetchpriority=\"high\" decoding=\"async\" width=\"739\" height=\"415\" src=\"https:\/\/codelillo.com\/wp-content\/uploads\/2025\/04\/simple.jpeg\" class=\"attachment-large size-large wp-image-1160\" alt=\"\" srcset=\"https:\/\/codelillo.com\/wp-content\/uploads\/2025\/04\/simple.jpeg 739w, https:\/\/codelillo.com\/wp-content\/uploads\/2025\/04\/simple-600x337.jpeg 600w\" sizes=\"(max-width: 739px) 100vw, 739px\" \/>\t\t\t\t\t\t\t\t\t\t\t\t\t\t\t<\/div>\n\t\t\t\t<\/div>\n\t\t\t\t\t<\/div>\n\t\t<\/div>\n\t\t\t\t\t<\/div>\n\t\t<\/section>\n\t\t\t\t<\/div>\n\t\t","protected":false},"excerpt":{"rendered":"<p>Tu mente tambi\u00e9n necesita descanso \u00a0 \u00a0 Vivimos en modo autom\u00e1tico. Nos levantamos, corremos, producimos, dormimos mal&#8230; y repetimos. Y cuando la mente pide frenar, pensamos que algo anda mal. \u00a0 No est\u00e1s roto. No est\u00e1s d\u00e9bil. Est\u00e1s\u00a0sobreestimulado. \u00a0 Cuidar tu bienestar mental no tiene que ver con frases motivadoras ni teor\u00edas vac\u00edas. Tiene que [&hellip;]<\/p>\n","protected":false},"author":1,"featured_media":0,"parent":0,"menu_order":0,"comment_status":"closed","ping_status":"closed","template":"elementor_header_footer","meta":{"footnotes":""},"class_list":["post-909","page","type-page","status-publish","hentry"],"_links":{"self":[{"href":"https:\/\/codelillo.com\/index.php\/wp-json\/wp\/v2\/pages\/909","targetHints":{"allow":["GET"]}}],"collection":[{"href":"https:\/\/codelillo.com\/index.php\/wp-json\/wp\/v2\/pages"}],"about":[{"href":"https:\/\/codelillo.com\/index.php\/wp-json\/wp\/v2\/types\/page"}],"author":[{"embeddable":true,"href":"https:\/\/codelillo.com\/index.php\/wp-json\/wp\/v2\/users\/1"}],"replies":[{"embeddable":true,"href":"https:\/\/codelillo.com\/index.php\/wp-json\/wp\/v2\/comments?post=909"}],"version-history":[{"count":45,"href":"https:\/\/codelillo.com\/index.php\/wp-json\/wp\/v2\/pages\/909\/revisions"}],"predecessor-version":[{"id":1559,"href":"https:\/\/codelillo.com\/index.php\/wp-json\/wp\/v2\/pages\/909\/revisions\/1559"}],"wp:attachment":[{"href":"https:\/\/codelillo.com\/index.php\/wp-json\/wp\/v2\/media?parent=909"}],"curies":[{"name":"wp","href":"https:\/\/api.w.org\/{rel}","templated":true}]}}