{"id":907,"date":"2025-04-15T13:08:20","date_gmt":"2025-04-15T11:08:20","guid":{"rendered":"https:\/\/codelillo.com\/?page_id=907"},"modified":"2025-05-05T15:02:55","modified_gmt":"2025-05-05T13:02:55","slug":"planificacion-financiera","status":"publish","type":"page","link":"https:\/\/codelillo.com\/index.php\/planificacion-financiera\/","title":{"rendered":"Planificaci\u00f3n financiera"},"content":{"rendered":"\t\t<div data-elementor-type=\"wp-page\" data-elementor-id=\"907\" class=\"elementor elementor-907\">\n\t\t\t\t\t\t<section class=\"elementor-section elementor-top-section elementor-element elementor-element-d20bce3 elementor-section-height-min-height elementor-section-boxed elementor-section-height-default elementor-section-items-middle\" data-id=\"d20bce3\" data-element_type=\"section\" data-e-type=\"section\" data-settings=\"{&quot;background_background&quot;:&quot;classic&quot;}\">\n\t\t\t\t\t\t\t<div class=\"elementor-background-overlay\"><\/div>\n\t\t\t\t\t\t\t<div class=\"elementor-container elementor-column-gap-default\">\n\t\t\t\t\t<div class=\"aux-parallax-section elementor-column elementor-col-100 elementor-top-column elementor-element elementor-element-0881226\" data-id=\"0881226\" data-element_type=\"column\" data-e-type=\"column\">\n\t\t\t<div class=\"elementor-widget-wrap elementor-element-populated\">\n\t\t\t\t\t\t<div class=\"elementor-element elementor-element-8a627d9 elementor-widget elementor-widget-heading\" data-id=\"8a627d9\" data-element_type=\"widget\" data-e-type=\"widget\" data-widget_type=\"heading.default\">\n\t\t\t\t<div class=\"elementor-widget-container\">\n\t\t\t\t\t<h2 class=\"elementor-heading-title elementor-size-default\">No hay futuro en paz sin decisiones en el presente\n\n<\/h2>\t\t\t\t<\/div>\n\t\t\t\t<\/div>\n\t\t\t\t\t<\/div>\n\t\t<\/div>\n\t\t\t\t\t<\/div>\n\t\t<\/section>\n\t\t\t\t<section class=\"elementor-section elementor-top-section elementor-element elementor-element-77d1667 elementor-section-boxed elementor-section-height-default elementor-section-height-default\" data-id=\"77d1667\" data-element_type=\"section\" data-e-type=\"section\">\n\t\t\t\t\t\t<div class=\"elementor-container elementor-column-gap-default\">\n\t\t\t\t\t<div class=\"aux-parallax-section elementor-column elementor-col-50 elementor-top-column elementor-element elementor-element-338b7f3\" data-id=\"338b7f3\" data-element_type=\"column\" data-e-type=\"column\">\n\t\t\t<div class=\"elementor-widget-wrap elementor-element-populated\">\n\t\t\t\t\t\t<div class=\"elementor-element elementor-element-9fb4fff elementor-widget elementor-widget-text-editor\" data-id=\"9fb4fff\" data-element_type=\"widget\" data-e-type=\"widget\" data-widget_type=\"text-editor.default\">\n\t\t\t\t<div class=\"elementor-widget-container\">\n\t\t\t\t\t\t\t\t\t<p class=\"\" data-start=\"2020\" data-end=\"2174\">\u00a0<\/p><p class=\"\" data-start=\"2020\" data-end=\"2174\">Planificar no es vivir atado al calendario ni anticipar cada gasto.<br data-start=\"2087\" data-end=\"2090\" \/>Es tener claridad de hacia d\u00f3nde vas, qu\u00e9 quer\u00e9s lograr y qu\u00e9 necesit\u00e1s para llegar.<\/p><p class=\"\" data-start=\"2176\" data-end=\"2406\">Yo no supe planificar durante mucho tiempo. Gastaba sin pensar, confiando en que el mes siguiente iba a acomodarse solo.<\/p><p class=\"\" data-start=\"2176\" data-end=\"2406\">Hasta que me toc\u00f3 empezar de cero.<\/p><p class=\"\" data-start=\"2176\" data-end=\"2406\"><br data-start=\"2333\" data-end=\"2336\" \/>Ah\u00ed entend\u00ed que una buena planificaci\u00f3n no te encierra: <strong data-start=\"2392\" data-end=\"2405\">te libera<\/strong>.<\/p><p class=\"\" data-start=\"2408\" data-end=\"2522\">Porque cuando sab\u00e9s que tus finanzas est\u00e1n organizadas, dorm\u00eds mejor, pens\u00e1s m\u00e1s claro y tom\u00e1s mejores decisiones.<\/p><p class=\"\" data-start=\"2524\" data-end=\"2599\">Planificar con prop\u00f3sito es planificar desde lo que sos. No desde el miedo.<\/p><p>\ud83d\udc49 <em data-start=\"2624\" data-end=\"2741\">Registrate y acced\u00e9 a una herramienta simple para empezar a planificar tus finanzas de forma consciente y flexible.<\/em><\/p>\t\t\t\t\t\t\t\t<\/div>\n\t\t\t\t<\/div>\n\t\t\t\t<div class=\"elementor-element elementor-element-05c09c0 elementor-align-center elementor-widget elementor-widget-button\" data-id=\"05c09c0\" data-element_type=\"widget\" data-e-type=\"widget\" data-widget_type=\"button.default\">\n\t\t\t\t<div class=\"elementor-widget-container\">\n\t\t\t\t\t\t\t\t\t<div class=\"elementor-button-wrapper\">\n\t\t\t\t\t<a class=\"elementor-button elementor-button-link elementor-size-sm\" href=\"#\">\n\t\t\t\t\t\t<span class=\"elementor-button-content-wrapper\">\n\t\t\t\t\t\t\t\t\t<span class=\"elementor-button-text\">Registrate<\/span>\n\t\t\t\t\t<\/span>\n\t\t\t\t\t<\/a>\n\t\t\t\t<\/div>\n\t\t\t\t\t\t\t\t<\/div>\n\t\t\t\t<\/div>\n\t\t\t\t\t<\/div>\n\t\t<\/div>\n\t\t\t\t<div class=\"aux-parallax-section elementor-column elementor-col-50 elementor-top-column elementor-element elementor-element-117d68a\" data-id=\"117d68a\" data-element_type=\"column\" data-e-type=\"column\">\n\t\t\t<div class=\"elementor-widget-wrap elementor-element-populated\">\n\t\t\t\t\t\t<div class=\"elementor-element elementor-element-d6e09e0 elementor-widget elementor-widget-image\" data-id=\"d6e09e0\" data-element_type=\"widget\" data-e-type=\"widget\" data-widget_type=\"image.default\">\n\t\t\t\t<div class=\"elementor-widget-container\">\n\t\t\t\t\t\t\t\t\t\t\t\t\t\t\t<img fetchpriority=\"high\" decoding=\"async\" width=\"1024\" height=\"836\" src=\"https:\/\/codelillo.com\/wp-content\/uploads\/2025\/05\/b2ap3_large_adentro-ahorros-apple-908288-1024x836.jpg\" class=\"attachment-large size-large wp-image-1628\" alt=\"\" \/>\t\t\t\t\t\t\t\t\t\t\t\t\t\t\t<\/div>\n\t\t\t\t<\/div>\n\t\t\t\t\t<\/div>\n\t\t<\/div>\n\t\t\t\t\t<\/div>\n\t\t<\/section>\n\t\t\t\t<\/div>\n\t\t","protected":false},"excerpt":{"rendered":"<p>No hay futuro en paz sin decisiones en el presente \u00a0 Planificar no es vivir atado al calendario ni anticipar cada gasto.Es tener claridad de hacia d\u00f3nde vas, qu\u00e9 quer\u00e9s lograr y qu\u00e9 necesit\u00e1s para llegar. Yo no supe planificar durante mucho tiempo. Gastaba sin pensar, confiando en que el mes siguiente iba a acomodarse [&hellip;]<\/p>\n","protected":false},"author":1,"featured_media":0,"parent":0,"menu_order":0,"comment_status":"closed","ping_status":"closed","template":"elementor_header_footer","meta":{"footnotes":""},"class_list":["post-907","page","type-page","status-publish","hentry"],"_links":{"self":[{"href":"https:\/\/codelillo.com\/index.php\/wp-json\/wp\/v2\/pages\/907","targetHints":{"allow":["GET"]}}],"collection":[{"href":"https:\/\/codelillo.com\/index.php\/wp-json\/wp\/v2\/pages"}],"about":[{"href":"https:\/\/codelillo.com\/index.php\/wp-json\/wp\/v2\/types\/page"}],"author":[{"embeddable":true,"href":"https:\/\/codelillo.com\/index.php\/wp-json\/wp\/v2\/users\/1"}],"replies":[{"embeddable":true,"href":"https:\/\/codelillo.com\/index.php\/wp-json\/wp\/v2\/comments?post=907"}],"version-history":[{"count":10,"href":"https:\/\/codelillo.com\/index.php\/wp-json\/wp\/v2\/pages\/907\/revisions"}],"predecessor-version":[{"id":1643,"href":"https:\/\/codelillo.com\/index.php\/wp-json\/wp\/v2\/pages\/907\/revisions\/1643"}],"wp:attachment":[{"href":"https:\/\/codelillo.com\/index.php\/wp-json\/wp\/v2\/media?parent=907"}],"curies":[{"name":"wp","href":"https:\/\/api.w.org\/{rel}","templated":true}]}}