{"id":858,"date":"2025-04-14T16:42:22","date_gmt":"2025-04-14T14:42:22","guid":{"rendered":"https:\/\/codelillo.com\/?page_id=858"},"modified":"2025-05-06T16:00:12","modified_gmt":"2025-05-06T14:00:12","slug":"ebooks-guia-practica","status":"publish","type":"page","link":"https:\/\/codelillo.com\/index.php\/ebooks-guia-practica\/","title":{"rendered":"eBooks: Gu\u00eda pr\u00e1ctica"},"content":{"rendered":"\t\t<div data-elementor-type=\"wp-page\" data-elementor-id=\"858\" class=\"elementor elementor-858\">\n\t\t\t\t\t\t<section class=\"elementor-section elementor-top-section elementor-element elementor-element-67933ac elementor-section-height-min-height elementor-section-boxed elementor-section-height-default elementor-section-items-middle\" data-id=\"67933ac\" data-element_type=\"section\" data-e-type=\"section\" data-settings=\"{&quot;background_background&quot;:&quot;classic&quot;}\">\n\t\t\t\t\t\t\t<div class=\"elementor-background-overlay\"><\/div>\n\t\t\t\t\t\t\t<div class=\"elementor-container elementor-column-gap-default\">\n\t\t\t\t\t<div class=\"aux-parallax-section elementor-column elementor-col-100 elementor-top-column elementor-element elementor-element-0ca63fe\" data-id=\"0ca63fe\" data-element_type=\"column\" data-e-type=\"column\">\n\t\t\t<div class=\"elementor-widget-wrap elementor-element-populated\">\n\t\t\t\t\t\t<div class=\"elementor-element elementor-element-b9516c8 elementor-widget elementor-widget-heading\" data-id=\"b9516c8\" data-element_type=\"widget\" data-e-type=\"widget\" data-widget_type=\"heading.default\">\n\t\t\t\t<div class=\"elementor-widget-container\">\n\t\t\t\t\t<h2 class=\"elementor-heading-title elementor-size-default\">Vive Simple<\/h2>\t\t\t\t<\/div>\n\t\t\t\t<\/div>\n\t\t\t\t<div class=\"elementor-element elementor-element-21dd3d6 elementor-widget elementor-widget-text-editor\" data-id=\"21dd3d6\" data-element_type=\"widget\" data-e-type=\"widget\" data-widget_type=\"text-editor.default\">\n\t\t\t\t<div class=\"elementor-widget-container\">\n\t\t\t\t\t\t\t\t\t<p class=\"\" data-start=\"1018\" data-end=\"1297\"><strong data-start=\"928\" data-end=\"1016\">La gu\u00eda pr\u00e1ctica para ordenar tu cuerpo, tu dinero y tu cabeza sin f\u00f3rmulas m\u00e1gicas.<\/strong><\/p><p class=\"\" data-start=\"1018\" data-end=\"1297\"><strong data-start=\"928\" data-end=\"1016\">\u00a0<\/strong><\/p><p class=\"\" data-start=\"1018\" data-end=\"1297\"><strong data-start=\"928\" data-end=\"1016\">\u00a0<\/strong><\/p>\t\t\t\t\t\t\t\t<\/div>\n\t\t\t\t<\/div>\n\t\t\t\t\t<\/div>\n\t\t<\/div>\n\t\t\t\t\t<\/div>\n\t\t<\/section>\n\t\t\t\t<section class=\"elementor-section elementor-top-section elementor-element elementor-element-b80662b elementor-section-boxed elementor-section-height-default elementor-section-height-default\" data-id=\"b80662b\" data-element_type=\"section\" data-e-type=\"section\">\n\t\t\t\t\t\t<div class=\"elementor-container elementor-column-gap-default\">\n\t\t\t\t\t<div class=\"aux-parallax-section elementor-column elementor-col-100 elementor-top-column elementor-element elementor-element-d262976\" data-id=\"d262976\" data-element_type=\"column\" data-e-type=\"column\">\n\t\t\t<div class=\"elementor-widget-wrap\">\n\t\t\t\t\t\t\t<\/div>\n\t\t<\/div>\n\t\t\t\t\t<\/div>\n\t\t<\/section>\n\t\t\t\t<section class=\"elementor-section elementor-top-section elementor-element elementor-element-0904810 elementor-section-boxed elementor-section-height-default elementor-section-height-default\" data-id=\"0904810\" data-element_type=\"section\" data-e-type=\"section\">\n\t\t\t\t\t\t<div class=\"elementor-container elementor-column-gap-default\">\n\t\t\t\t\t<div class=\"aux-parallax-section elementor-column elementor-col-50 elementor-top-column elementor-element elementor-element-1b28ebe\" data-id=\"1b28ebe\" data-element_type=\"column\" data-e-type=\"column\">\n\t\t\t<div class=\"elementor-widget-wrap elementor-element-populated\">\n\t\t\t\t\t\t<div class=\"elementor-element elementor-element-6aaf7bc elementor-widget elementor-widget-text-editor\" data-id=\"6aaf7bc\" data-element_type=\"widget\" data-e-type=\"widget\" data-widget_type=\"text-editor.default\">\n\t\t\t\t<div class=\"elementor-widget-container\">\n\t\t\t\t\t\t\t\t\t<p class=\"\" data-start=\"1018\" data-end=\"1297\">\u00bfQu\u00e9 es?\u00a0<\/p><p class=\"\" data-start=\"1018\" data-end=\"1297\">\u00a0<\/p><p class=\"\" data-start=\"1018\" data-end=\"1297\">Es un manual realista, honesto y aplicable que resume lo mejor de mi experiencia en salud, finanzas y bienestar emocional.<br data-start=\"1155\" data-end=\"1158\" \/>No vas a encontrar frases vac\u00edas ni recetas imposibles.<br data-start=\"1213\" data-end=\"1216\" \/>Vas a encontrar herramientas que pod\u00e9s usar hoy, sin importar en qu\u00e9 etapa est\u00e9s.<\/p><p class=\"\" data-start=\"1018\" data-end=\"1297\">\u00a0<\/p><p class=\"\" data-start=\"1299\" data-end=\"1323\"><strong data-start=\"1299\" data-end=\"1323\">\u00bfQu\u00e9 vas a aprender?<\/strong><\/p><ul data-start=\"1324\" data-end=\"1548\"><li class=\"\" data-start=\"1324\" data-end=\"1378\"><p class=\"\" data-start=\"1326\" data-end=\"1378\">C\u00f3mo empezar a moverte y cuidarte sin volverte loco.<\/p><\/li><li class=\"\" data-start=\"1379\" data-end=\"1422\"><p class=\"\" data-start=\"1381\" data-end=\"1422\">C\u00f3mo alimentarte sin culpa ni obsesiones.<\/p><\/li><li class=\"\" data-start=\"1423\" data-end=\"1486\"><p class=\"\" data-start=\"1425\" data-end=\"1486\">C\u00f3mo entender tu plata, ordenarte y dejar de vivir al l\u00edmite.<\/p><\/li><li class=\"\" data-start=\"1487\" data-end=\"1548\"><p class=\"\" data-start=\"1489\" data-end=\"1548\">C\u00f3mo recuperar foco y claridad mental en un mundo saturado.<\/p><\/li><\/ul><p class=\"\" data-start=\"1550\" data-end=\"1572\"><strong data-start=\"1550\" data-end=\"1572\">Ideal para vos si:<\/strong><\/p><ul data-start=\"1573\" data-end=\"1742\"><li class=\"\" data-start=\"1573\" data-end=\"1620\"><p class=\"\" data-start=\"1575\" data-end=\"1620\">Sent\u00eds que viv\u00eds corriendo pero no avanz\u00e1s.<\/p><\/li><li class=\"\" data-start=\"1621\" data-end=\"1676\"><p class=\"\" data-start=\"1623\" data-end=\"1676\">Quer\u00e9s empezar a cuidarte, pero no sab\u00e9s por d\u00f3nde.<\/p><\/li><li class=\"\" data-start=\"1677\" data-end=\"1742\"><p class=\"\" data-start=\"1679\" data-end=\"1742\">Est\u00e1s cansado del humo y quer\u00e9s contenido sincero, real y \u00fatil.<\/p><\/li><\/ul><p class=\"\" data-start=\"1744\" data-end=\"1755\">\ud83c\udf81 Incluye:<\/p><ul data-start=\"1756\" data-end=\"1840\"><li class=\"\" data-start=\"1756\" data-end=\"1778\"><p class=\"\" data-start=\"1758\" data-end=\"1778\">Ejercicios pr\u00e1cticos.<\/p><\/li><li class=\"\" data-start=\"1779\" data-end=\"1804\"><p class=\"\" data-start=\"1781\" data-end=\"1804\">Rutinas en cada \u00e1rea.<\/p><\/li><li class=\"\" data-start=\"1779\" data-end=\"1804\"><p class=\"\" data-start=\"1781\" data-end=\"1804\">Descuento exclusivo para sesiones personalizadas.\u00a0<\/p><\/li><\/ul><p class=\"\" data-start=\"1842\" data-end=\"1909\"><strong data-start=\"1842\" data-end=\"1871\">\ud83d\udfe0 Precio de lanzamiento:<\/strong>\u00a0 \u20ac15<\/p><p class=\"\" data-start=\"1842\" data-end=\"1909\">\u00a0<\/p>\t\t\t\t\t\t\t\t<\/div>\n\t\t\t\t<\/div>\n\t\t\t\t<div class=\"elementor-element elementor-element-fe8670f elementor-align-center elementor-widget elementor-widget-button\" data-id=\"fe8670f\" data-element_type=\"widget\" data-e-type=\"widget\" data-widget_type=\"button.default\">\n\t\t\t\t<div class=\"elementor-widget-container\">\n\t\t\t\t\t\t\t\t\t<div class=\"elementor-button-wrapper\">\n\t\t\t\t\t<a class=\"elementor-button elementor-button-link elementor-size-sm\" href=\"https:\/\/codelillo.com\/index.php\/product\/ebook-vive-simple\/\">\n\t\t\t\t\t\t<span class=\"elementor-button-content-wrapper\">\n\t\t\t\t\t\t\t\t\t<span class=\"elementor-button-text\">QUIERO MI EBOOK<\/span>\n\t\t\t\t\t<\/span>\n\t\t\t\t\t<\/a>\n\t\t\t\t<\/div>\n\t\t\t\t\t\t\t\t<\/div>\n\t\t\t\t<\/div>\n\t\t\t\t\t<\/div>\n\t\t<\/div>\n\t\t\t\t<div class=\"aux-parallax-section elementor-column elementor-col-50 elementor-top-column elementor-element elementor-element-069180f\" data-id=\"069180f\" data-element_type=\"column\" data-e-type=\"column\">\n\t\t\t<div class=\"elementor-widget-wrap elementor-element-populated\">\n\t\t\t\t\t\t<div class=\"elementor-element elementor-element-5eb8ba2 elementor-widget elementor-widget-image\" data-id=\"5eb8ba2\" data-element_type=\"widget\" data-e-type=\"widget\" data-widget_type=\"image.default\">\n\t\t\t\t<div class=\"elementor-widget-container\">\n\t\t\t\t\t\t\t\t\t\t\t\t\t\t\t<img fetchpriority=\"high\" decoding=\"async\" width=\"1024\" height=\"720\" src=\"https:\/\/codelillo.com\/wp-content\/uploads\/2025\/05\/ebook-1024x720.jpg\" class=\"attachment-large size-large wp-image-1672\" alt=\"\" \/>\t\t\t\t\t\t\t\t\t\t\t\t\t\t\t<\/div>\n\t\t\t\t<\/div>\n\t\t\t\t\t<\/div>\n\t\t<\/div>\n\t\t\t\t\t<\/div>\n\t\t<\/section>\n\t\t\t\t<\/div>\n\t\t","protected":false},"excerpt":{"rendered":"<p>Vive Simple La gu\u00eda pr\u00e1ctica para ordenar tu cuerpo, tu dinero y tu cabeza sin f\u00f3rmulas m\u00e1gicas. \u00a0 \u00a0 \u00bfQu\u00e9 es?\u00a0 \u00a0 Es un manual realista, honesto y aplicable que resume lo mejor de mi experiencia en salud, finanzas y bienestar emocional.No vas a encontrar frases vac\u00edas ni recetas imposibles.Vas a encontrar herramientas que pod\u00e9s [&hellip;]<\/p>\n","protected":false},"author":1,"featured_media":0,"parent":0,"menu_order":0,"comment_status":"closed","ping_status":"closed","template":"elementor_header_footer","meta":{"footnotes":""},"class_list":["post-858","page","type-page","status-publish","hentry"],"_links":{"self":[{"href":"https:\/\/codelillo.com\/index.php\/wp-json\/wp\/v2\/pages\/858","targetHints":{"allow":["GET"]}}],"collection":[{"href":"https:\/\/codelillo.com\/index.php\/wp-json\/wp\/v2\/pages"}],"about":[{"href":"https:\/\/codelillo.com\/index.php\/wp-json\/wp\/v2\/types\/page"}],"author":[{"embeddable":true,"href":"https:\/\/codelillo.com\/index.php\/wp-json\/wp\/v2\/users\/1"}],"replies":[{"embeddable":true,"href":"https:\/\/codelillo.com\/index.php\/wp-json\/wp\/v2\/comments?post=858"}],"version-history":[{"count":16,"href":"https:\/\/codelillo.com\/index.php\/wp-json\/wp\/v2\/pages\/858\/revisions"}],"predecessor-version":[{"id":1735,"href":"https:\/\/codelillo.com\/index.php\/wp-json\/wp\/v2\/pages\/858\/revisions\/1735"}],"wp:attachment":[{"href":"https:\/\/codelillo.com\/index.php\/wp-json\/wp\/v2\/media?parent=858"}],"curies":[{"name":"wp","href":"https:\/\/api.w.org\/{rel}","templated":true}]}}