{"id":852,"date":"2025-04-14T16:38:31","date_gmt":"2025-04-14T14:38:31","guid":{"rendered":"https:\/\/codelillo.com\/?page_id=852"},"modified":"2025-05-05T13:58:28","modified_gmt":"2025-05-05T11:58:28","slug":"inversiones","status":"publish","type":"page","link":"https:\/\/codelillo.com\/index.php\/inversiones\/","title":{"rendered":"Que tu dinero trabaje"},"content":{"rendered":"\t\t<div data-elementor-type=\"wp-page\" data-elementor-id=\"852\" class=\"elementor elementor-852\">\n\t\t\t\t\t\t<section class=\"elementor-section elementor-top-section elementor-element elementor-element-66d2676 elementor-section-full_width elementor-section-height-min-height elementor-section-height-default elementor-section-items-middle\" data-id=\"66d2676\" data-element_type=\"section\" data-e-type=\"section\" data-settings=\"{&quot;background_background&quot;:&quot;classic&quot;}\">\n\t\t\t\t\t\t\t<div class=\"elementor-background-overlay\"><\/div>\n\t\t\t\t\t\t\t<div class=\"elementor-container elementor-column-gap-default\">\n\t\t\t\t\t<div class=\"aux-parallax-section elementor-column elementor-col-100 elementor-top-column elementor-element elementor-element-2057a21\" data-id=\"2057a21\" data-element_type=\"column\" data-e-type=\"column\">\n\t\t\t<div class=\"elementor-widget-wrap elementor-element-populated\">\n\t\t\t\t\t\t<div class=\"elementor-element elementor-element-47bc8c6 elementor-widget elementor-widget-heading\" data-id=\"47bc8c6\" data-element_type=\"widget\" data-e-type=\"widget\" data-widget_type=\"heading.default\">\n\t\t\t\t<div class=\"elementor-widget-container\">\n\t\t\t\t\t<h2 class=\"elementor-heading-title elementor-size-default\">Tu dinero puede crecer. Pero necesita direcci\u00f3n, no promesas.\n\n<\/h2>\t\t\t\t<\/div>\n\t\t\t\t<\/div>\n\t\t\t\t\t<\/div>\n\t\t<\/div>\n\t\t\t\t\t<\/div>\n\t\t<\/section>\n\t\t\t\t<section class=\"elementor-section elementor-top-section elementor-element elementor-element-9c3678e elementor-section-boxed elementor-section-height-default elementor-section-height-default\" data-id=\"9c3678e\" data-element_type=\"section\" data-e-type=\"section\">\n\t\t\t\t\t\t<div class=\"elementor-container elementor-column-gap-default\">\n\t\t\t\t\t<div class=\"aux-parallax-section elementor-column elementor-col-50 elementor-top-column elementor-element elementor-element-db63bab\" data-id=\"db63bab\" data-element_type=\"column\" data-e-type=\"column\">\n\t\t\t<div class=\"elementor-widget-wrap elementor-element-populated\">\n\t\t\t\t\t\t<div class=\"elementor-element elementor-element-e9ec45f elementor-widget elementor-widget-text-editor\" data-id=\"e9ec45f\" data-element_type=\"widget\" data-e-type=\"widget\" data-widget_type=\"text-editor.default\">\n\t\t\t\t<div class=\"elementor-widget-container\">\n\t\t\t\t\t\t\t\t\t<p class=\"\" data-start=\"1221\" data-end=\"1365\">\n<\/p><p class=\"\" data-start=\"527\" data-end=\"668\">La palabra <em data-start=\"538\" data-end=\"550\">\u201cinvertir\u201d<\/em> genera miedo en muchas personas. Miedo a perderlo todo, a no entender, a que te estafen, a que sea &#8220;solo para ricos&#8221;.<\/p>\n<p class=\"\" data-start=\"670\" data-end=\"818\">Y no es casualidad. Hay un mont\u00f3n de desinformaci\u00f3n, y todav\u00eda m\u00e1s personas vendiendo cursos vac\u00edos con la promesa de hacerte millonario en 30 d\u00edas.<\/p>\n<p class=\"\" data-start=\"820\" data-end=\"845\"><strong data-start=\"820\" data-end=\"845\">Este no es ese lugar.<\/strong><\/p>\n<p class=\"\" data-start=\"820\" data-end=\"845\"><strong data-start=\"820\" data-end=\"845\">&nbsp;<\/strong><\/p>\n<p class=\"\" data-start=\"847\" data-end=\"897\">Invertir no es magia. Pero tampoco es inaccesible.<\/p>\n<p class=\"\" data-start=\"899\" data-end=\"1148\">Invertir bien es una herramienta para cuidar tu futuro, proteger tus ahorros, y poner a trabajar tu esfuerzo. Y s\u00ed, se puede hacer sin tener miles en la cuenta.<\/p>\n<p class=\"\" data-start=\"899\" data-end=\"1148\"><br data-start=\"1059\" data-end=\"1062\">Solo necesit\u00e1s dos cosas: <strong data-start=\"1088\" data-end=\"1106\">educaci\u00f3n real<\/strong> y un plan que respete tu momento de vida.<\/p>\n<p class=\"\" data-start=\"1150\" data-end=\"1331\">En un mundo cada vez m\u00e1s inestable, donde los precios suben y el dinero pierde valor con el tiempo, no hacer nada tambi\u00e9n es una decisi\u00f3n.<\/p>\n<p class=\"\" data-start=\"1150\" data-end=\"1331\"><br data-start=\"1288\" data-end=\"1291\">Y muchas veces, es la que m\u00e1s te cuesta.<\/p>\n<p class=\"\" data-start=\"1333\" data-end=\"1553\">Por eso, el foco ac\u00e1 no est\u00e1 en volverte rico. Est\u00e1 en que aprendas a tomar decisiones conscientes, seguras y sostenibles.<br data-start=\"1455\" data-end=\"1458\">Porque invertir no se trata solo de ganar m\u00e1s, sino de vivir con m\u00e1s libertad y menos ansiedad.<\/p><p class=\"\" data-start=\"1333\" data-end=\"1553\"><br><\/p>\n<p class=\"\" data-start=\"1749\" data-end=\"1855\">\ud83d\udc49 <em data-start=\"1752\" data-end=\"1855\">Registrate gratis y acced\u00e9 a una gu\u00eda clara sobre c\u00f3mo empezar a invertir sin humo ni complicaciones.<\/em><\/p>\t\t\t\t\t\t\t\t<\/div>\n\t\t\t\t<\/div>\n\t\t\t\t<div class=\"elementor-element elementor-element-2d1df58 elementor-align-center elementor-widget elementor-widget-button\" data-id=\"2d1df58\" data-element_type=\"widget\" data-e-type=\"widget\" data-widget_type=\"button.default\">\n\t\t\t\t<div class=\"elementor-widget-container\">\n\t\t\t\t\t\t\t\t\t<div class=\"elementor-button-wrapper\">\n\t\t\t\t\t<a class=\"elementor-button elementor-button-link elementor-size-sm\" href=\"#\">\n\t\t\t\t\t\t<span class=\"elementor-button-content-wrapper\">\n\t\t\t\t\t\t\t\t\t<span class=\"elementor-button-text\">Registrate<\/span>\n\t\t\t\t\t<\/span>\n\t\t\t\t\t<\/a>\n\t\t\t\t<\/div>\n\t\t\t\t\t\t\t\t<\/div>\n\t\t\t\t<\/div>\n\t\t\t\t\t<\/div>\n\t\t<\/div>\n\t\t\t\t<div class=\"aux-parallax-section elementor-column elementor-col-50 elementor-top-column elementor-element elementor-element-de94fd7\" data-id=\"de94fd7\" data-element_type=\"column\" data-e-type=\"column\">\n\t\t\t<div class=\"elementor-widget-wrap elementor-element-populated\">\n\t\t\t\t\t\t<div class=\"elementor-element elementor-element-641c0bc elementor-widget elementor-widget-image\" data-id=\"641c0bc\" data-element_type=\"widget\" data-e-type=\"widget\" data-widget_type=\"image.default\">\n\t\t\t\t<div class=\"elementor-widget-container\">\n\t\t\t\t\t\t\t\t\t\t\t\t\t\t\t<img fetchpriority=\"high\" decoding=\"async\" width=\"768\" height=\"358\" src=\"https:\/\/codelillo.com\/wp-content\/uploads\/2025\/05\/66e87bca9af66.jpeg\" class=\"attachment-large size-large wp-image-1615\" alt=\"\" srcset=\"https:\/\/codelillo.com\/wp-content\/uploads\/2025\/05\/66e87bca9af66.jpeg 768w, https:\/\/codelillo.com\/wp-content\/uploads\/2025\/05\/66e87bca9af66-600x280.jpeg 600w\" sizes=\"(max-width: 768px) 100vw, 768px\" \/>\t\t\t\t\t\t\t\t\t\t\t\t\t\t\t<\/div>\n\t\t\t\t<\/div>\n\t\t\t\t\t<\/div>\n\t\t<\/div>\n\t\t\t\t\t<\/div>\n\t\t<\/section>\n\t\t\t\t<section class=\"elementor-section elementor-top-section elementor-element elementor-element-883a7c6 elementor-section-boxed elementor-section-height-default elementor-section-height-default\" data-id=\"883a7c6\" data-element_type=\"section\" data-e-type=\"section\">\n\t\t\t\t\t\t<div class=\"elementor-container elementor-column-gap-default\">\n\t\t\t\t\t<div class=\"aux-parallax-section elementor-column elementor-col-100 elementor-top-column elementor-element elementor-element-e86a275\" data-id=\"e86a275\" data-element_type=\"column\" data-e-type=\"column\">\n\t\t\t<div class=\"elementor-widget-wrap\">\n\t\t\t\t\t\t\t<\/div>\n\t\t<\/div>\n\t\t\t\t\t<\/div>\n\t\t<\/section>\n\t\t\t\t<\/div>\n\t\t","protected":false},"excerpt":{"rendered":"<p>Tu dinero puede crecer. Pero necesita direcci\u00f3n, no promesas. La palabra \u201cinvertir\u201d genera miedo en muchas personas. Miedo a perderlo todo, a no entender, a que te estafen, a que sea &#8220;solo para ricos&#8221;. Y no es casualidad. Hay un mont\u00f3n de desinformaci\u00f3n, y todav\u00eda m\u00e1s personas vendiendo cursos vac\u00edos con la promesa de hacerte [&hellip;]<\/p>\n","protected":false},"author":1,"featured_media":0,"parent":0,"menu_order":0,"comment_status":"closed","ping_status":"closed","template":"elementor_header_footer","meta":{"footnotes":""},"class_list":["post-852","page","type-page","status-publish","hentry"],"_links":{"self":[{"href":"https:\/\/codelillo.com\/index.php\/wp-json\/wp\/v2\/pages\/852","targetHints":{"allow":["GET"]}}],"collection":[{"href":"https:\/\/codelillo.com\/index.php\/wp-json\/wp\/v2\/pages"}],"about":[{"href":"https:\/\/codelillo.com\/index.php\/wp-json\/wp\/v2\/types\/page"}],"author":[{"embeddable":true,"href":"https:\/\/codelillo.com\/index.php\/wp-json\/wp\/v2\/users\/1"}],"replies":[{"embeddable":true,"href":"https:\/\/codelillo.com\/index.php\/wp-json\/wp\/v2\/comments?post=852"}],"version-history":[{"count":22,"href":"https:\/\/codelillo.com\/index.php\/wp-json\/wp\/v2\/pages\/852\/revisions"}],"predecessor-version":[{"id":1626,"href":"https:\/\/codelillo.com\/index.php\/wp-json\/wp\/v2\/pages\/852\/revisions\/1626"}],"wp:attachment":[{"href":"https:\/\/codelillo.com\/index.php\/wp-json\/wp\/v2\/media?parent=852"}],"curies":[{"name":"wp","href":"https:\/\/api.w.org\/{rel}","templated":true}]}}