{"id":850,"date":"2025-04-14T16:37:46","date_gmt":"2025-04-14T14:37:46","guid":{"rendered":"https:\/\/codelillo.com\/?page_id=850"},"modified":"2025-05-05T13:30:12","modified_gmt":"2025-05-05T11:30:12","slug":"administrar-mi-dinero","status":"publish","type":"page","link":"https:\/\/codelillo.com\/index.php\/administrar-mi-dinero\/","title":{"rendered":"Domina tu dinero"},"content":{"rendered":"\t\t<div data-elementor-type=\"wp-page\" data-elementor-id=\"850\" class=\"elementor elementor-850\">\n\t\t\t\t\t\t<section class=\"elementor-section elementor-top-section elementor-element elementor-element-2f557c71 elementor-section-height-min-height elementor-section-content-top elementor-section-boxed elementor-section-height-default elementor-section-items-middle\" data-id=\"2f557c71\" data-element_type=\"section\" data-e-type=\"section\" data-settings=\"{&quot;background_background&quot;:&quot;classic&quot;}\">\n\t\t\t\t\t\t\t<div class=\"elementor-background-overlay\"><\/div>\n\t\t\t\t\t\t\t<div class=\"elementor-container elementor-column-gap-default\">\n\t\t\t\t\t<div class=\"aux-parallax-section elementor-column elementor-col-100 elementor-top-column elementor-element elementor-element-2b21a6fb\" data-id=\"2b21a6fb\" data-element_type=\"column\" data-e-type=\"column\">\n\t\t\t<div class=\"elementor-widget-wrap elementor-element-populated\">\n\t\t\t\t\t\t<div class=\"elementor-element elementor-element-2a8473c3 elementor-widget elementor-widget-text-editor\" data-id=\"2a8473c3\" data-element_type=\"widget\" data-e-type=\"widget\" data-widget_type=\"text-editor.default\">\n\t\t\t\t<div class=\"elementor-widget-container\">\n\t\t\t\t\t\t\t\t\t<p class=\"\" data-start=\"329\" data-end=\"391\"><strong data-start=\"329\" data-end=\"391\">\u201cSaber cu\u00e1nto gan\u00e1s no es lo mismo que saber en qu\u00e9 se va\u201d<\/strong><\/p>\n<h3 class=\"\" data-start=\"393\" data-end=\"407\">\u00a0<\/h3>\n<p><!-- \/wp:heading --><!-- wp:paragraph --><\/p>\n<p><!-- \/wp:paragraph --><!-- wp:paragraph {\"className\":\"\"} --><\/p>\n<p>\u00a0<\/p>\n<div>\n<p><!-- \/wp:button --><\/p>\n<\/div>\n<p><!-- \/wp:buttons --><\/p>\t\t\t\t\t\t\t\t<\/div>\n\t\t\t\t<\/div>\n\t\t\t\t\t<\/div>\n\t\t<\/div>\n\t\t\t\t\t<\/div>\n\t\t<\/section>\n\t\t\t\t<section class=\"elementor-section elementor-top-section elementor-element elementor-element-24a6748 elementor-section-boxed elementor-section-height-default elementor-section-height-default\" data-id=\"24a6748\" data-element_type=\"section\" data-e-type=\"section\">\n\t\t\t\t\t\t<div class=\"elementor-container elementor-column-gap-default\">\n\t\t\t\t\t<div class=\"aux-parallax-section elementor-column elementor-col-50 elementor-top-column elementor-element elementor-element-92f6614\" data-id=\"92f6614\" data-element_type=\"column\" data-e-type=\"column\">\n\t\t\t<div class=\"elementor-widget-wrap elementor-element-populated\">\n\t\t\t\t\t\t<div class=\"elementor-element elementor-element-fe1651b elementor-widget elementor-widget-text-editor\" data-id=\"fe1651b\" data-element_type=\"widget\" data-e-type=\"widget\" data-widget_type=\"text-editor.default\">\n\t\t\t\t<div class=\"elementor-widget-container\">\n\t\t\t\t\t\t\t\t\t<p data-start=\"408\" data-end=\"538\">Administrar el dinero no es solo tener un Excel o mirar la app del banco.<\/p>\n<p data-start=\"408\" data-end=\"538\"><br data-start=\"481\" data-end=\"484\" \/>Es entender tus h\u00e1bitos, tus decisiones y tu realidad.<\/p>\n<p data-start=\"540\" data-end=\"808\">Yo tambi\u00e9n viv\u00ed al d\u00eda. Ganaba y gastaba sin conciencia. Me endeud\u00e9, me equivoqu\u00e9, y aprend\u00ed con golpes que tener ingresos no es garant\u00eda de bienestar financiero.<\/p>\n<p data-start=\"540\" data-end=\"808\"><br data-start=\"702\" data-end=\"705\" \/><strong data-start=\"705\" data-end=\"808\">El verdadero orden empieza cuando sab\u00e9s a d\u00f3nde va cada peso, por qu\u00e9, y si realmente vale la pena.<\/strong><\/p>\n<p>\u00a0<\/p>\n<p data-start=\"810\" data-end=\"922\">No se trata de volverse un contador. Se trata de tomar el control con herramientas simples, reales y aplicables.<\/p>\n<p data-start=\"810\" data-end=\"922\">\u00a0<\/p>\n<p data-start=\"944\" data-end=\"1045\">\ud83d\udc49 <em data-start=\"947\" data-end=\"1045\">Registrate gratis y acced\u00e9 a una gu\u00eda pr\u00e1ctica para empezar a ordenar tu dinero sin complicarte.<\/em><\/p>\n<p data-start=\"944\" data-end=\"1045\"><em data-start=\"947\" data-end=\"1045\">\u00a0<\/em><\/p>\n<p data-start=\"944\" data-end=\"1045\"><em data-start=\"947\" data-end=\"1045\">\u00a0<\/em><\/p>\t\t\t\t\t\t\t\t<\/div>\n\t\t\t\t<\/div>\n\t\t\t\t<div class=\"elementor-element elementor-element-2f97499 elementor-align-center elementor-widget elementor-widget-button\" data-id=\"2f97499\" data-element_type=\"widget\" data-e-type=\"widget\" data-widget_type=\"button.default\">\n\t\t\t\t<div class=\"elementor-widget-container\">\n\t\t\t\t\t\t\t\t\t<div class=\"elementor-button-wrapper\">\n\t\t\t\t\t<a class=\"elementor-button elementor-button-link elementor-size-sm\" href=\"#\">\n\t\t\t\t\t\t<span class=\"elementor-button-content-wrapper\">\n\t\t\t\t\t\t\t\t\t<span class=\"elementor-button-text\">Registrate<\/span>\n\t\t\t\t\t<\/span>\n\t\t\t\t\t<\/a>\n\t\t\t\t<\/div>\n\t\t\t\t\t\t\t\t<\/div>\n\t\t\t\t<\/div>\n\t\t\t\t\t<\/div>\n\t\t<\/div>\n\t\t\t\t<div class=\"aux-parallax-section elementor-column elementor-col-50 elementor-top-column elementor-element elementor-element-916a591\" data-id=\"916a591\" data-element_type=\"column\" data-e-type=\"column\">\n\t\t\t<div class=\"elementor-widget-wrap elementor-element-populated\">\n\t\t\t\t\t\t<div class=\"elementor-element elementor-element-ddbb15d elementor-widget elementor-widget-image\" data-id=\"ddbb15d\" data-element_type=\"widget\" data-e-type=\"widget\" data-widget_type=\"image.default\">\n\t\t\t\t<div class=\"elementor-widget-container\">\n\t\t\t\t\t\t\t\t\t\t\t\t\t\t\t<img fetchpriority=\"high\" decoding=\"async\" width=\"1024\" height=\"644\" src=\"https:\/\/codelillo.com\/wp-content\/uploads\/2025\/05\/Educacion-financiera-1024x644.webp\" class=\"attachment-large size-large wp-image-1593\" alt=\"\" \/>\t\t\t\t\t\t\t\t\t\t\t\t\t\t\t<\/div>\n\t\t\t\t<\/div>\n\t\t\t\t\t<\/div>\n\t\t<\/div>\n\t\t\t\t\t<\/div>\n\t\t<\/section>\n\t\t\t\t<\/div>\n\t\t","protected":false},"excerpt":{"rendered":"<p>\u201cSaber cu\u00e1nto gan\u00e1s no es lo mismo que saber en qu\u00e9 se va\u201d \u00a0 \u00a0 Administrar el dinero no es solo tener un Excel o mirar la app del banco. Es entender tus h\u00e1bitos, tus decisiones y tu realidad. Yo tambi\u00e9n viv\u00ed al d\u00eda. Ganaba y gastaba sin conciencia. Me endeud\u00e9, me equivoqu\u00e9, y aprend\u00ed [&hellip;]<\/p>\n","protected":false},"author":1,"featured_media":0,"parent":0,"menu_order":0,"comment_status":"closed","ping_status":"closed","template":"elementor_header_footer","meta":{"footnotes":""},"class_list":["post-850","page","type-page","status-publish","hentry"],"_links":{"self":[{"href":"https:\/\/codelillo.com\/index.php\/wp-json\/wp\/v2\/pages\/850","targetHints":{"allow":["GET"]}}],"collection":[{"href":"https:\/\/codelillo.com\/index.php\/wp-json\/wp\/v2\/pages"}],"about":[{"href":"https:\/\/codelillo.com\/index.php\/wp-json\/wp\/v2\/types\/page"}],"author":[{"embeddable":true,"href":"https:\/\/codelillo.com\/index.php\/wp-json\/wp\/v2\/users\/1"}],"replies":[{"embeddable":true,"href":"https:\/\/codelillo.com\/index.php\/wp-json\/wp\/v2\/comments?post=850"}],"version-history":[{"count":19,"href":"https:\/\/codelillo.com\/index.php\/wp-json\/wp\/v2\/pages\/850\/revisions"}],"predecessor-version":[{"id":1610,"href":"https:\/\/codelillo.com\/index.php\/wp-json\/wp\/v2\/pages\/850\/revisions\/1610"}],"wp:attachment":[{"href":"https:\/\/codelillo.com\/index.php\/wp-json\/wp\/v2\/media?parent=850"}],"curies":[{"name":"wp","href":"https:\/\/api.w.org\/{rel}","templated":true}]}}