{"id":848,"date":"2025-04-14T16:36:55","date_gmt":"2025-04-14T14:36:55","guid":{"rendered":"https:\/\/codelillo.com\/?page_id=848"},"modified":"2025-05-05T13:47:14","modified_gmt":"2025-05-05T11:47:14","slug":"entrena-donde-sea","status":"publish","type":"page","link":"https:\/\/codelillo.com\/index.php\/entrena-donde-sea\/","title":{"rendered":"Movimiento inteligente"},"content":{"rendered":"\t\t<div data-elementor-type=\"wp-page\" data-elementor-id=\"848\" class=\"elementor elementor-848\">\n\t\t\t\t\t\t<section class=\"elementor-section elementor-top-section elementor-element elementor-element-2692655 elementor-section-boxed elementor-section-height-default elementor-section-height-default\" data-id=\"2692655\" data-element_type=\"section\" data-e-type=\"section\" data-settings=\"{&quot;background_background&quot;:&quot;classic&quot;}\">\n\t\t\t\t\t\t\t<div class=\"elementor-background-overlay\"><\/div>\n\t\t\t\t\t\t\t<div class=\"elementor-container elementor-column-gap-default\">\n\t\t\t\t\t<div class=\"aux-parallax-section elementor-column elementor-col-100 elementor-top-column elementor-element elementor-element-07da311\" data-id=\"07da311\" data-element_type=\"column\" data-e-type=\"column\" data-settings=\"{&quot;background_background&quot;:&quot;classic&quot;}\">\n\t\t\t<div class=\"elementor-widget-wrap elementor-element-populated\">\n\t\t\t\t\t\t<div class=\"elementor-element elementor-element-80aea20 elementor-widget elementor-widget-heading\" data-id=\"80aea20\" data-element_type=\"widget\" data-e-type=\"widget\" data-widget_type=\"heading.default\">\n\t\t\t\t<div class=\"elementor-widget-container\">\n\t\t\t\t\t<h2 class=\"elementor-heading-title elementor-size-default\">No necesitas hacerlo todo. Necesitas hacerlo bien.\n\n<\/h2>\t\t\t\t<\/div>\n\t\t\t\t<\/div>\n\t\t\t\t\t<\/div>\n\t\t<\/div>\n\t\t\t\t\t<\/div>\n\t\t<\/section>\n\t\t\t\t<section class=\"elementor-section elementor-top-section elementor-element elementor-element-53b5edb elementor-section-boxed elementor-section-height-default elementor-section-height-default\" data-id=\"53b5edb\" data-element_type=\"section\" data-e-type=\"section\">\n\t\t\t\t\t\t<div class=\"elementor-container elementor-column-gap-default\">\n\t\t\t\t\t<div class=\"aux-parallax-section elementor-column elementor-col-50 elementor-top-column elementor-element elementor-element-dd2ac1a\" data-id=\"dd2ac1a\" data-element_type=\"column\" data-e-type=\"column\">\n\t\t\t<div class=\"elementor-widget-wrap elementor-element-populated\">\n\t\t\t\t\t\t<div class=\"elementor-element elementor-element-bed2af9 elementor-widget elementor-widget-text-editor\" data-id=\"bed2af9\" data-element_type=\"widget\" data-e-type=\"widget\" data-widget_type=\"text-editor.default\">\n\t\t\t\t<div class=\"elementor-widget-container\">\n\t\t\t\t\t\t\t\t\t<p style=\"color: #000000;\">\u00a0<\/p><p style=\"color: #000000;\">Pas\u00e9 a\u00f1os exigi\u00e9ndome rutinas imposibles, entrenamientos eternos, compar\u00e1ndome con atletas o influencers.<\/p><p style=\"color: #000000;\">\u00a0<\/p><p style=\"color: #000000;\">Y si hay algo que aprend\u00ed es esto: el entrenamiento no se trata de hacer m\u00e1s, sino de hacer\u00a0<span style=\"font-weight: 600;\">mejor<\/span>.<\/p><p style=\"color: #000000;\">\u00a0<\/p><p style=\"color: #000000;\">No importa si entren\u00e1s 15 o 45 minutos. Lo importante es que lo hagas con intenci\u00f3n, adaptado a tu cuerpo, tu nivel y tu momento de vida.<\/p><p style=\"color: #000000;\">\u00a0<\/p><p style=\"color: #000000;\">No hay un solo camino: hay movimiento inteligente, sostenible y real.<\/p><p style=\"color: #000000;\">La clave no est\u00e1 en sumar m\u00e1s repeticiones, sino en\u00a0<span style=\"font-weight: 600;\">restar presi\u00f3n<\/span>.<br \/>Cuidar tu cuerpo empieza por escucharlo.<\/p><p style=\"color: #000000;\">\u00a0<\/p><p class=\"\" data-start=\"1084\" data-end=\"1172\">\ud83d\udc49 <em data-start=\"1087\" data-end=\"1172\">Acced\u00e9 gratis a una rutina adaptable para empezar a moverte hoy, est\u00e9s donde est\u00e9s.<\/em><\/p>\t\t\t\t\t\t\t\t<\/div>\n\t\t\t\t<\/div>\n\t\t\t\t<div class=\"elementor-element elementor-element-716a0e1 elementor-align-center animated-slow elementor-invisible elementor-widget elementor-widget-button\" data-id=\"716a0e1\" data-element_type=\"widget\" data-e-type=\"widget\" data-settings=\"{&quot;_animation&quot;:&quot;bounceInUp&quot;}\" data-widget_type=\"button.default\">\n\t\t\t\t<div class=\"elementor-widget-container\">\n\t\t\t\t\t\t\t\t\t<div class=\"elementor-button-wrapper\">\n\t\t\t\t\t<a class=\"elementor-button elementor-button-link elementor-size-sm\" href=\"#\">\n\t\t\t\t\t\t<span class=\"elementor-button-content-wrapper\">\n\t\t\t\t\t\t\t\t\t<span class=\"elementor-button-text\">RUTINA<\/span>\n\t\t\t\t\t<\/span>\n\t\t\t\t\t<\/a>\n\t\t\t\t<\/div>\n\t\t\t\t\t\t\t\t<\/div>\n\t\t\t\t<\/div>\n\t\t\t\t\t<\/div>\n\t\t<\/div>\n\t\t\t\t<div class=\"aux-parallax-section elementor-column elementor-col-50 elementor-top-column elementor-element elementor-element-319d0a9\" data-id=\"319d0a9\" data-element_type=\"column\" data-e-type=\"column\">\n\t\t\t<div class=\"elementor-widget-wrap elementor-element-populated\">\n\t\t\t\t\t\t<div class=\"elementor-element elementor-element-b6e4183 elementor-widget elementor-widget-image\" data-id=\"b6e4183\" data-element_type=\"widget\" data-e-type=\"widget\" data-widget_type=\"image.default\">\n\t\t\t\t<div class=\"elementor-widget-container\">\n\t\t\t\t\t\t\t\t\t\t\t\t\t\t\t<img fetchpriority=\"high\" decoding=\"async\" width=\"585\" height=\"410\" src=\"https:\/\/codelillo.com\/wp-content\/uploads\/2025\/05\/kettlebells.jpg\" class=\"attachment-large size-large wp-image-1611\" alt=\"\" \/>\t\t\t\t\t\t\t\t\t\t\t\t\t\t\t<\/div>\n\t\t\t\t<\/div>\n\t\t\t\t\t<\/div>\n\t\t<\/div>\n\t\t\t\t\t<\/div>\n\t\t<\/section>\n\t\t\t\t<section class=\"elementor-section elementor-top-section elementor-element elementor-element-291af5a4 elementor-section-boxed elementor-section-height-default elementor-section-height-default\" data-id=\"291af5a4\" data-element_type=\"section\" data-e-type=\"section\">\n\t\t\t\t\t\t<div class=\"elementor-container elementor-column-gap-default\">\n\t\t\t\t\t<div class=\"aux-parallax-section elementor-column elementor-col-100 elementor-top-column elementor-element elementor-element-1fbd0c8a\" data-id=\"1fbd0c8a\" data-element_type=\"column\" data-e-type=\"column\" data-settings=\"{&quot;background_background&quot;:&quot;classic&quot;}\">\n\t\t\t<div class=\"elementor-widget-wrap\">\n\t\t\t\t\t<div class=\"elementor-background-overlay\"><\/div>\n\t\t\t\t\t\t\t<\/div>\n\t\t<\/div>\n\t\t\t\t\t<\/div>\n\t\t<\/section>\n\t\t\t\t<\/div>\n\t\t","protected":false},"excerpt":{"rendered":"<p>No necesitas hacerlo todo. Necesitas hacerlo bien. \u00a0 Pas\u00e9 a\u00f1os exigi\u00e9ndome rutinas imposibles, entrenamientos eternos, compar\u00e1ndome con atletas o influencers. \u00a0 Y si hay algo que aprend\u00ed es esto: el entrenamiento no se trata de hacer m\u00e1s, sino de hacer\u00a0mejor. \u00a0 No importa si entren\u00e1s 15 o 45 minutos. Lo importante es que lo hagas [&hellip;]<\/p>\n","protected":false},"author":1,"featured_media":0,"parent":0,"menu_order":0,"comment_status":"closed","ping_status":"closed","template":"elementor_header_footer","meta":{"footnotes":""},"class_list":["post-848","page","type-page","status-publish","hentry"],"_links":{"self":[{"href":"https:\/\/codelillo.com\/index.php\/wp-json\/wp\/v2\/pages\/848","targetHints":{"allow":["GET"]}}],"collection":[{"href":"https:\/\/codelillo.com\/index.php\/wp-json\/wp\/v2\/pages"}],"about":[{"href":"https:\/\/codelillo.com\/index.php\/wp-json\/wp\/v2\/types\/page"}],"author":[{"embeddable":true,"href":"https:\/\/codelillo.com\/index.php\/wp-json\/wp\/v2\/users\/1"}],"replies":[{"embeddable":true,"href":"https:\/\/codelillo.com\/index.php\/wp-json\/wp\/v2\/comments?post=848"}],"version-history":[{"count":51,"href":"https:\/\/codelillo.com\/index.php\/wp-json\/wp\/v2\/pages\/848\/revisions"}],"predecessor-version":[{"id":1614,"href":"https:\/\/codelillo.com\/index.php\/wp-json\/wp\/v2\/pages\/848\/revisions\/1614"}],"wp:attachment":[{"href":"https:\/\/codelillo.com\/index.php\/wp-json\/wp\/v2\/media?parent=848"}],"curies":[{"name":"wp","href":"https:\/\/api.w.org\/{rel}","templated":true}]}}