{"id":1797,"date":"2025-05-12T22:50:01","date_gmt":"2025-05-12T20:50:01","guid":{"rendered":"https:\/\/codelillo.com\/?page_id=1797"},"modified":"2025-05-12T23:01:00","modified_gmt":"2025-05-12T21:01:00","slug":"cookies","status":"publish","type":"page","link":"https:\/\/codelillo.com\/index.php\/cookies\/","title":{"rendered":"COOKIES"},"content":{"rendered":"\n<h2 class=\"wp-block-heading\"><strong>Pol\u00edtica de Cookies<\/strong><\/h2>\n\n\n\n<h3 class=\"wp-block-heading\">\u00bfQu\u00e9 son las cookies?<\/h3>\n\n\n\n<p>Este sitio utiliza cookies propias y de terceros para mejorar la experiencia del usuario, analizar el tr\u00e1fico y ofrecer contenidos relevantes.<\/p>\n\n\n\n<h3 class=\"wp-block-heading\">Tipos de cookies que usamos:<\/h3>\n\n\n\n<ul class=\"wp-block-list\">\n<li><strong>Cookies esenciales<\/strong>: necesarias para el funcionamiento del sitio.<\/li>\n\n\n\n<li><strong>Cookies de an\u00e1lisis<\/strong>: para conocer estad\u00edsticas de navegaci\u00f3n (por ejemplo, Google Analytics).<\/li>\n\n\n\n<li><strong>Cookies de marketing<\/strong>: en caso de campa\u00f1as promocionales, remarketing, etc.<\/li>\n<\/ul>\n\n\n\n<h3 class=\"wp-block-heading\">\u00bfC\u00f3mo se gestionan?<\/h3>\n\n\n\n<p>Al acceder por primera vez al sitio, se te solicitar\u00e1 consentimiento para el uso de cookies.<br>Pod\u00e9s cambiar tu configuraci\u00f3n en cualquier momento desde tu navegador o eliminar las cookies almacenadas.<\/p>\n","protected":false},"excerpt":{"rendered":"<p>Pol\u00edtica de Cookies \u00bfQu\u00e9 son las cookies? Este sitio utiliza cookies propias y de terceros para mejorar la experiencia del usuario, analizar el tr\u00e1fico y ofrecer contenidos relevantes. Tipos de cookies que usamos: \u00bfC\u00f3mo se gestionan? Al acceder por primera vez al sitio, se te solicitar\u00e1 consentimiento para el uso de cookies.Pod\u00e9s cambiar tu configuraci\u00f3n [&hellip;]<\/p>\n","protected":false},"author":1,"featured_media":0,"parent":0,"menu_order":0,"comment_status":"closed","ping_status":"closed","template":"","meta":{"footnotes":""},"class_list":["post-1797","page","type-page","status-publish","hentry"],"_links":{"self":[{"href":"https:\/\/codelillo.com\/index.php\/wp-json\/wp\/v2\/pages\/1797","targetHints":{"allow":["GET"]}}],"collection":[{"href":"https:\/\/codelillo.com\/index.php\/wp-json\/wp\/v2\/pages"}],"about":[{"href":"https:\/\/codelillo.com\/index.php\/wp-json\/wp\/v2\/types\/page"}],"author":[{"embeddable":true,"href":"https:\/\/codelillo.com\/index.php\/wp-json\/wp\/v2\/users\/1"}],"replies":[{"embeddable":true,"href":"https:\/\/codelillo.com\/index.php\/wp-json\/wp\/v2\/comments?post=1797"}],"version-history":[{"count":2,"href":"https:\/\/codelillo.com\/index.php\/wp-json\/wp\/v2\/pages\/1797\/revisions"}],"predecessor-version":[{"id":1802,"href":"https:\/\/codelillo.com\/index.php\/wp-json\/wp\/v2\/pages\/1797\/revisions\/1802"}],"wp:attachment":[{"href":"https:\/\/codelillo.com\/index.php\/wp-json\/wp\/v2\/media?parent=1797"}],"curies":[{"name":"wp","href":"https:\/\/api.w.org\/{rel}","templated":true}]}}